{"id":108,"date":"2022-11-15T07:52:08","date_gmt":"2022-11-15T07:52:08","guid":{"rendered":"https:\/\/www.rometouristcards.com\/?page_id=108"},"modified":"2025-02-07T07:42:34","modified_gmt":"2025-02-07T07:42:34","slug":"aviz-juridic","status":"publish","type":"page","link":"https:\/\/www.rometouristcards.com\/ro\/impressum\/","title":{"rendered":"Imprint"},"content":{"rendered":"<p>Patrick K\u00fchne<br>Kolpingstr. 12<br>04416 Markkleeberg<\/p>\n\n\n\n<h2 class=\"wp-block-heading\">Contacta\u021bi-ne<\/h2>\n\n\n\n<p>E-mail: patrick@101places.de<\/p>\n\n\n\n<h2 class=\"wp-block-heading\">ID-ul taxei de v\u00e2nzare<\/h2>\n\n\n\n<p>Num\u0103rul de identificare a taxei pe v\u00e2nz\u0103ri \u00een conformitate cu \u00a7 27 a legii privind taxa pe v\u00e2nz\u0103ri:<br>DE251359457<\/p>\n\n\n\n<h2 class=\"wp-block-heading\">Solu\u021bionarea litigiilor \u00een materie de consum<\/h2>\n\n\n\n<p>Nu suntem dispu\u0219i sau obliga\u021bi s\u0103 particip\u0103m la procedurile de solu\u021bionare a litigiilor \u00een fa\u021ba unei comisii de arbitraj a consumatorilor.<\/p>","protected":false},"excerpt":{"rendered":"<p>Patrick K\u00fchneKolpingstr. 1204416 Markkleeberg Contact Email: patrick@101places.de VAT ID Num\u0103rul de identificare TVA conform \u00a7 27 a Umsatzsteuergesetz:DE251359457 Solu\u021bionarea litigiilor cu consumatorii Nu suntem dispu\u0219i sau obliga\u021bi s\u0103 particip\u0103m la proceduri de solu\u021bionare a litigiilor \u00een fa\u021ba unei comisii de arbitraj pentru consumatori.<\/p>","protected":false},"author":1,"featured_media":0,"parent":0,"menu_order":0,"comment_status":"closed","ping_status":"closed","template":"","meta":{"footnotes":""},"class_list":["post-108","page","type-page","status-publish"],"aioseo_notices":[],"_links":{"self":[{"href":"https:\/\/www.rometouristcards.com\/ro\/wp-json\/wp\/v2\/pages\/108","targetHints":{"allow":["GET"]}}],"collection":[{"href":"https:\/\/www.rometouristcards.com\/ro\/wp-json\/wp\/v2\/pages"}],"about":[{"href":"https:\/\/www.rometouristcards.com\/ro\/wp-json\/wp\/v2\/types\/page"}],"author":[{"embeddable":true,"href":"https:\/\/www.rometouristcards.com\/ro\/wp-json\/wp\/v2\/users\/1"}],"replies":[{"embeddable":true,"href":"https:\/\/www.rometouristcards.com\/ro\/wp-json\/wp\/v2\/comments?post=108"}],"version-history":[{"count":6,"href":"https:\/\/www.rometouristcards.com\/ro\/wp-json\/wp\/v2\/pages\/108\/revisions"}],"predecessor-version":[{"id":472,"href":"https:\/\/www.rometouristcards.com\/ro\/wp-json\/wp\/v2\/pages\/108\/revisions\/472"}],"wp:attachment":[{"href":"https:\/\/www.rometouristcards.com\/ro\/wp-json\/wp\/v2\/media?parent=108"}],"curies":[{"name":"wp","href":"https:\/\/api.w.org\/{rel}","templated":true}]}}