{"id":31,"date":"2022-11-11T14:01:02","date_gmt":"2022-11-11T14:01:02","guid":{"rendered":"https:\/\/www.rometouristcards.com\/?page_id=31"},"modified":"2025-08-20T08:10:23","modified_gmt":"2025-08-20T08:10:23","slug":"tienda","status":"publish","type":"page","link":"https:\/\/www.rometouristcards.com\/es\/shop\/","title":{"rendered":"Reserva la Roma Tourist Card"},"content":{"rendered":"<style>.kb-row-layout-wrap.wp-block-kadence-rowlayout.kb-row-layout-id31_3fa9ab-31{margin-bottom:0px;}.kb-row-layout-id31_3fa9ab-31 > .kt-row-column-wrap{align-content:start;}:where(.kb-row-layout-id31_3fa9ab-31 > .kt-row-column-wrap) > .wp-block-kadence-column{justify-content:start;}.kb-row-layout-id31_3fa9ab-31 > .kt-row-column-wrap{column-gap:var(--global-kb-gap-md, 2rem);row-gap:var(--global-kb-gap-md, 2rem);padding-top:var(--global-kb-spacing-xxs, 0.5rem);padding-bottom:var(--global-kb-spacing-sm, 1.5rem);grid-template-columns:minmax(0, 1fr) minmax(0, 2fr);}.kb-row-layout-id31_3fa9ab-31 > .kt-row-layout-overlay{opacity:0.30;}@media all and (max-width: 1024px){.kb-row-layout-id31_3fa9ab-31 > .kt-row-column-wrap{grid-template-columns:minmax(0, 1fr) minmax(0, 2fr);}}@media all and (max-width: 767px){.kb-row-layout-id31_3fa9ab-31 > .kt-row-column-wrap{grid-template-columns:minmax(0, 1fr);}}<\/style><div class=\"kb-row-layout-wrap kb-row-layout-id31_3fa9ab-31 alignnone wp-block-kadence-rowlayout\"><div class=\"kt-row-column-wrap kt-has-2-columns kt-row-layout-right-golden kt-tab-layout-inherit kt-mobile-layout-row kt-row-valign-top\">\n<style>.kadence-column31_03818a-c3 > .kt-inside-inner-col{display:flex;}.kadence-column31_03818a-c3 > .kt-inside-inner-col,.kadence-column31_03818a-c3 > .kt-inside-inner-col:before{border-top-left-radius:0px;border-top-right-radius:0px;border-bottom-right-radius:0px;border-bottom-left-radius:0px;}.kadence-column31_03818a-c3 > .kt-inside-inner-col{column-gap:var(--global-kb-gap-sm, 1rem);}.kadence-column31_03818a-c3 > .kt-inside-inner-col{flex-direction:column;justify-content:flex-start;}.kadence-column31_03818a-c3 > .kt-inside-inner-col > .aligncenter{width:100%;}.kt-row-column-wrap > .kadence-column31_03818a-c3{align-self:flex-start;}.kt-inner-column-height-full:not(.kt-has-1-columns) > .wp-block-kadence-column.kadence-column31_03818a-c3{align-self:auto;}.kt-inner-column-height-full:not(.kt-has-1-columns) > .wp-block-kadence-column.kadence-column31_03818a-c3 > .kt-inside-inner-col{flex-direction:column;justify-content:flex-start;}.kadence-column31_03818a-c3 > .kt-inside-inner-col:before{opacity:0.3;}.kadence-column31_03818a-c3{position:relative;}@media all and (max-width: 1024px){.kt-row-column-wrap > .kadence-column31_03818a-c3{align-self:flex-start;}}@media all and (max-width: 1024px){.kt-inner-column-height-full:not(.kt-has-1-columns) > .wp-block-kadence-column.kadence-column31_03818a-c3{align-self:auto;}}@media all and (max-width: 1024px){.kt-inner-column-height-full:not(.kt-has-1-columns) > .wp-block-kadence-column.kadence-column31_03818a-c3 > .kt-inside-inner-col{flex-direction:column;justify-content:flex-start;}}@media all and (max-width: 1024px){.kadence-column31_03818a-c3 > .kt-inside-inner-col{flex-direction:column;justify-content:flex-start;}}@media all and (max-width: 767px){.kt-row-column-wrap > .kadence-column31_03818a-c3{align-self:flex-start;}.kt-inner-column-height-full:not(.kt-has-1-columns) > .wp-block-kadence-column.kadence-column31_03818a-c3{align-self:auto;}.kt-inner-column-height-full:not(.kt-has-1-columns) > .wp-block-kadence-column.kadence-column31_03818a-c3 > .kt-inside-inner-col{flex-direction:column;justify-content:flex-start;}.kadence-column31_03818a-c3 > .kt-inside-inner-col{flex-direction:column;justify-content:flex-start;}}<\/style>\n<div class=\"wp-block-kadence-column kadence-column31_03818a-c3\"><div class=\"kt-inside-inner-col\">\n<div data-tiqets-widget=\"availability\" data-layout=\"compact\" data-orientation=\"vertical\" data-product-id=\"1013153\" data-partner=\"rometouristcard\"><\/div><script defer src=\"https:\/\/widgets.tiqets.com\/loader.js\"><\/script>\n<\/div><\/div>\n\n\n<style>.kadence-column31_81ee38-cf > .kt-inside-inner-col,.kadence-column31_81ee38-cf > .kt-inside-inner-col:before{border-top-left-radius:0px;border-top-right-radius:0px;border-bottom-right-radius:0px;border-bottom-left-radius:0px;}.kadence-column31_81ee38-cf > .kt-inside-inner-col{column-gap:var(--global-kb-gap-sm, 1rem);}.kadence-column31_81ee38-cf > .kt-inside-inner-col{flex-direction:column;}.kadence-column31_81ee38-cf > .kt-inside-inner-col > .aligncenter{width:100%;}.kadence-column31_81ee38-cf > .kt-inside-inner-col:before{opacity:0.3;}.kadence-column31_81ee38-cf{position:relative;}@media all and (max-width: 1024px){.kadence-column31_81ee38-cf > .kt-inside-inner-col{flex-direction:column;justify-content:center;}}@media all and (max-width: 767px){.kadence-column31_81ee38-cf > .kt-inside-inner-col{flex-direction:column;justify-content:center;}}<\/style>\n<div class=\"wp-block-kadence-column kadence-column31_81ee38-cf\"><div class=\"kt-inside-inner-col\"><style>.wp-block-kadence-advancedheading.kt-adv-heading31_be64a5-9f, .wp-block-kadence-advancedheading.kt-adv-heading31_be64a5-9f[data-kb-block=\"kb-adv-heading31_be64a5-9f\"]{font-style:normal;}.wp-block-kadence-advancedheading.kt-adv-heading31_be64a5-9f mark.kt-highlight, .wp-block-kadence-advancedheading.kt-adv-heading31_be64a5-9f[data-kb-block=\"kb-adv-heading31_be64a5-9f\"] mark.kt-highlight{font-style:normal;color:#f76a0c;-webkit-box-decoration-break:clone;box-decoration-break:clone;padding-top:0px;padding-right:0px;padding-bottom:0px;padding-left:0px;}.wp-block-kadence-advancedheading.kt-adv-heading31_be64a5-9f img.kb-inline-image, .wp-block-kadence-advancedheading.kt-adv-heading31_be64a5-9f[data-kb-block=\"kb-adv-heading31_be64a5-9f\"] img.kb-inline-image{width:150px;vertical-align:baseline;}<\/style>\n<p class=\"kt-adv-heading31_be64a5-9f wp-block-kadence-advancedheading\" data-kb-block=\"kb-adv-heading31_be64a5-9f\">Die Rom Tourist Card ist ein exklusives Produkt von Tiqets.com. Die Kaufabwicklung findet deshalb auf der Tiqets-Plattform statt.<\/p>\n\n\n\n<p>Bitte machen Sie beim Kauf folgende Angaben:<\/p>\n\n\n<style>.wp-block-kadence-iconlist.kt-svg-icon-list-items31_ec15fa-bc:not(.this-stops-third-party-issues){margin-top:0px;margin-bottom:0px;}.wp-block-kadence-iconlist.kt-svg-icon-list-items31_ec15fa-bc ul.kt-svg-icon-list:not(.this-prevents-issues):not(.this-stops-third-party-issues):not(.tijsloc){margin-top:0px;margin-right:0px;margin-bottom:var(--global-kb-spacing-md, 2rem);margin-left:0px;}.wp-block-kadence-iconlist.kt-svg-icon-list-items31_ec15fa-bc ul.kt-svg-icon-list{grid-row-gap:5px;}.wp-block-kadence-iconlist.kt-svg-icon-list-items31_ec15fa-bc .kb-svg-icon-wrap{color:#ed4b5a;}.wp-block-kadence-iconlist.kt-svg-icon-list-items31_ec15fa-bc ul.kt-svg-icon-list .kt-svg-icon-list-item-wrap .kt-svg-icon-list-single{margin-right:10px;}.kt-svg-icon-list-items31_ec15fa-bc ul.kt-svg-icon-list .kt-svg-icon-list-level-0 .kt-svg-icon-list-single svg{font-size:20px;}<\/style>\n<div class=\"wp-block-kadence-iconlist kt-svg-icon-list-items kt-svg-icon-list-items31_ec15fa-bc kt-svg-icon-list-columns-1 alignnone\"><ul class=\"kt-svg-icon-list\"><style>.kt-svg-icon-list-item-31_27fd28-d6 .kt-svg-icon-list-text mark.kt-highlight{background-color:unset;font-style:normal;color:#f76a0c;-webkit-box-decoration-break:clone;box-decoration-break:clone;padding-top:0px;padding-right:0px;padding-bottom:0px;padding-left:0px;}<\/style>\n<li class=\"wp-block-kadence-listitem kt-svg-icon-list-item-wrap kt-svg-icon-list-item-31_27fd28-d6\"><span class=\"kb-svg-icon-wrap kb-svg-icon-fe_checkCircle kt-svg-icon-list-single\"><svg viewBox=\"0 0 24 24\"  fill=\"none\" stroke=\"currentColor\" stroke-width=\"2\" stroke-linecap=\"round\" stroke-linejoin=\"round\" xmlns=\"http:\/\/www.w3.org\/2000\/svg\"  aria-hidden=\"true\"><path d=\"M22 11.08V12a10 10 0 1 1-5.93-9.14\"\/><polyline points=\"22 4 12 14.01 9 11.01\"\/><\/svg><\/span><span class=\"kt-svg-icon-list-text\">Datum der Anreise<\/span><\/li>\n\n\n<style>.kt-svg-icon-list-item-31_97951c-09 .kt-svg-icon-list-text mark.kt-highlight{background-color:unset;font-style:normal;color:#f76a0c;-webkit-box-decoration-break:clone;box-decoration-break:clone;padding-top:0px;padding-right:0px;padding-bottom:0px;padding-left:0px;}<\/style>\n<li class=\"wp-block-kadence-listitem kt-svg-icon-list-item-wrap kt-svg-icon-list-item-31_97951c-09\"><span class=\"kb-svg-icon-wrap kb-svg-icon-fe_checkCircle kt-svg-icon-list-single\"><svg viewBox=\"0 0 24 24\"  fill=\"none\" stroke=\"currentColor\" stroke-width=\"2\" stroke-linecap=\"round\" stroke-linejoin=\"round\" xmlns=\"http:\/\/www.w3.org\/2000\/svg\"  aria-hidden=\"true\"><path d=\"M22 11.08V12a10 10 0 1 1-5.93-9.14\"\/><polyline points=\"22 4 12 14.01 9 11.01\"\/><\/svg><\/span><span class=\"kt-svg-icon-list-text\">Anzahl der Personen<\/span><\/li>\n\n\n<style>.kt-svg-icon-list-item-31_69d7c4-c8 .kt-svg-icon-list-text mark.kt-highlight{background-color:unset;font-style:normal;color:#f76a0c;-webkit-box-decoration-break:clone;box-decoration-break:clone;padding-top:0px;padding-right:0px;padding-bottom:0px;padding-left:0px;}<\/style>\n<li class=\"wp-block-kadence-listitem kt-svg-icon-list-item-wrap kt-svg-icon-list-item-31_69d7c4-c8\"><span class=\"kb-svg-icon-wrap kb-svg-icon-fe_checkCircle kt-svg-icon-list-single\"><svg viewBox=\"0 0 24 24\"  fill=\"none\" stroke=\"currentColor\" stroke-width=\"2\" stroke-linecap=\"round\" stroke-linejoin=\"round\" xmlns=\"http:\/\/www.w3.org\/2000\/svg\"  aria-hidden=\"true\"><path d=\"M22 11.08V12a10 10 0 1 1-5.93-9.14\"\/><polyline points=\"22 4 12 14.01 9 11.01\"\/><\/svg><\/span><span class=\"kt-svg-icon-list-text\">Termin f\u00fcr das Kolosseum<\/span><\/li>\n\n\n<style>.kt-svg-icon-list-item-31_6e9465-35 .kt-svg-icon-list-text mark.kt-highlight{background-color:unset;font-style:normal;color:#f76a0c;-webkit-box-decoration-break:clone;box-decoration-break:clone;padding-top:0px;padding-right:0px;padding-bottom:0px;padding-left:0px;}<\/style>\n<li class=\"wp-block-kadence-listitem kt-svg-icon-list-item-wrap kt-svg-icon-list-item-31_6e9465-35\"><span class=\"kb-svg-icon-wrap kb-svg-icon-fe_checkCircle kt-svg-icon-list-single\"><svg viewBox=\"0 0 24 24\"  fill=\"none\" stroke=\"currentColor\" stroke-width=\"2\" stroke-linecap=\"round\" stroke-linejoin=\"round\" xmlns=\"http:\/\/www.w3.org\/2000\/svg\"  aria-hidden=\"true\"><path d=\"M22 11.08V12a10 10 0 1 1-5.93-9.14\"\/><polyline points=\"22 4 12 14.01 9 11.01\"\/><\/svg><\/span><span class=\"kt-svg-icon-list-text\">Termin f\u00fcr die Vatikanischen Museen oder Engelsburg<\/span><\/li>\n\n\n<style>.kt-svg-icon-list-item-31_101ef2-42 .kt-svg-icon-list-text mark.kt-highlight{background-color:unset;font-style:normal;color:#f76a0c;-webkit-box-decoration-break:clone;box-decoration-break:clone;padding-top:0px;padding-right:0px;padding-bottom:0px;padding-left:0px;}<\/style>\n<li class=\"wp-block-kadence-listitem kt-svg-icon-list-item-wrap kt-svg-icon-list-item-31_101ef2-42\"><span class=\"kb-svg-icon-wrap kb-svg-icon-fe_checkCircle kt-svg-icon-list-single\"><svg viewBox=\"0 0 24 24\"  fill=\"none\" stroke=\"currentColor\" stroke-width=\"2\" stroke-linecap=\"round\" stroke-linejoin=\"round\" xmlns=\"http:\/\/www.w3.org\/2000\/svg\"  aria-hidden=\"true\"><path d=\"M22 11.08V12a10 10 0 1 1-5.93-9.14\"\/><polyline points=\"22 4 12 14.01 9 11.01\"\/><\/svg><\/span><span class=\"kt-svg-icon-list-text\">Termin f\u00fcr Pantheon oder Petersdom<\/span><\/li>\n<\/ul><\/div>\n\n\n\n<p><strong>Anschlie\u00dfend erhalten Sie alle Tickets per E-Mail.<\/strong> Sie k\u00f6nnen Ihre Eintrittskarten auch in der Tiqets-App speichern.<\/p>\n\n\n\n<p>Den Audioguide k\u00f6nnen Sie nach dem Kauf jederzeit mit der kostenfreien POPGuide-App anh\u00f6ren.<\/p>\n\n\n\n<p>Au\u00dferdem erhalten Sie Ihren 10% Rabattgutschein f\u00fcr weitere Rom-Tickets.<br>Bei Fragen zur Buchung wenden Sie sich bitte an den Tiqets-Kundenservice per E-Mail (<a href=\"mailto:customerservice@tiqets.com\">customerservice@tiqets.com<\/a>),&nbsp;Chat oder WhatsApp.<\/p>\n\n\n<p><strong>Kundenbewertung:<\/strong> 4,0 (8146 Reviews)<br \/>\n<strong>Preis:<\/strong> ab 88,00 EUR<\/p>\n\n\n<style>.wp-block-kadence-advancedbtn.kt-btns31_4aca9b-b4, .site .entry-content .wp-block-kadence-advancedbtn.kt-btns31_4aca9b-b4, .wp-block-kadence-advancedbtn.kb-btns31_4aca9b-b4, .site .entry-content .wp-block-kadence-advancedbtn.kb-btns31_4aca9b-b4{margin-bottom:var(--global-kb-spacing-sm, 1.5rem);}.wp-block-kadence-advancedbtn.kb-btns31_4aca9b-b4{gap:var(--global-kb-gap-xs, 0.5rem );justify-content:flex-start;align-items:center;}.kt-btns31_4aca9b-b4 .kt-button{font-weight:normal;font-style:normal;}.kt-btns31_4aca9b-b4 .kt-btn-wrap-0{margin-right:5px;}.wp-block-kadence-advancedbtn.kt-btns31_4aca9b-b4 .kt-btn-wrap-0 .kt-button{color:#555555;border-color:#555555;}.wp-block-kadence-advancedbtn.kt-btns31_4aca9b-b4 .kt-btn-wrap-0 .kt-button:hover, .wp-block-kadence-advancedbtn.kt-btns31_4aca9b-b4 .kt-btn-wrap-0 .kt-button:focus{color:#ffffff;border-color:#444444;}.wp-block-kadence-advancedbtn.kt-btns31_4aca9b-b4 .kt-btn-wrap-0 .kt-button::before{display:none;}.wp-block-kadence-advancedbtn.kt-btns31_4aca9b-b4 .kt-btn-wrap-0 .kt-button:hover, .wp-block-kadence-advancedbtn.kt-btns31_4aca9b-b4 .kt-btn-wrap-0 .kt-button:focus{background:#444444;}<\/style>\n<div class=\"wp-block-kadence-advancedbtn kb-buttons-wrap kb-btns31_4aca9b-b4\"><style>ul.menu .wp-block-kadence-advancedbtn .kb-btn31_84838c-fe.kb-button{width:initial;}.wp-block-kadence-advancedbtn .kb-btn31_84838c-fe.kb-button{color:var(--base-3);background:#ed4b5a;box-shadow:2px 2px 2px 2px var(--contrast-3);}.wp-block-kadence-advancedbtn .kb-btn31_84838c-fe.kb-button:hover, .wp-block-kadence-advancedbtn .kb-btn31_84838c-fe.kb-button:focus{color:var(--base-3);background:#ed4b5a;}@media all and (max-width: 767px){.wp-block-kadence-advancedbtn .kb-btn31_84838c-fe.kb-button{font-size:var(--global-kb-font-size-md, 1.25rem);}}<\/style><a class=\"kb-button kt-button button kb-btn31_84838c-fe kt-btn-size-large kt-btn-width-type-auto kb-btn-global-fill  kt-btn-has-text-true kt-btn-has-svg-true  wp-block-kadence-singlebtn\" href=\"https:\/\/www.tiqets.com\/de\/checkout\/tickets-fur-rome-tourist-card-p1013153?partner=rometouristcard\" target=\"_blank\" rel=\"noreferrer noopener nofollow sponsored\"><span class=\"kb-svg-icon-wrap kb-svg-icon-fe_externalLink kt-btn-icon-side-left\"><svg viewBox=\"0 0 24 24\"  fill=\"none\" stroke=\"currentColor\" stroke-width=\"2\" stroke-linecap=\"round\" stroke-linejoin=\"round\" xmlns=\"http:\/\/www.w3.org\/2000\/svg\"  aria-hidden=\"true\"><path d=\"M18 13v6a2 2 0 0 1-2 2H5a2 2 0 0 1-2-2V8a2 2 0 0 1 2-2h6\"\/><polyline points=\"15 3 21 3 21 9\"\/><line x1=\"10\" y1=\"14\" x2=\"21\" y2=\"3\"\/><\/svg><\/span><span class=\"kt-btn-inner-text\">Rom Tourist Card kaufen<\/span><\/a><\/div>\n<\/div><\/div>\n\n<\/div><\/div>","protected":false},"excerpt":{"rendered":"<p>La Tarjeta Tur\u00edstica de Roma es un producto exclusivo de Tiqets.com. Por lo tanto, la transacci\u00f3n de compra tiene lugar en la plataforma Tiqets. Por favor, facilite la siguiente informaci\u00f3n al realizar la compra: A continuaci\u00f3n, recibir\u00e1 todas las entradas por correo electr\u00f3nico. Tambi\u00e9n puede guardar sus entradas en la aplicaci\u00f3n Tiqets. Puede escuchar la audiogu\u00eda en cualquier momento despu\u00e9s de la compra utilizando la aplicaci\u00f3n gratuita POPGuide. Adem\u00e1s ... <a title=\"Reserva la Roma Tourist Card\" class=\"read-more\" href=\"https:\/\/www.rometouristcards.com\/es\/shop\/\" aria-label=\"Leer m\u00e1s sobre Comprar la tarjeta tur\u00edstica de Roma\">Vaciar m\u00e1s<\/a><\/p>","protected":false},"author":1,"featured_media":0,"parent":0,"menu_order":0,"comment_status":"closed","ping_status":"closed","template":"","meta":{"footnotes":""},"class_list":["post-31","page","type-page","status-publish"],"aioseo_notices":[],"_links":{"self":[{"href":"https:\/\/www.rometouristcards.com\/es\/wp-json\/wp\/v2\/pages\/31","targetHints":{"allow":["GET"]}}],"collection":[{"href":"https:\/\/www.rometouristcards.com\/es\/wp-json\/wp\/v2\/pages"}],"about":[{"href":"https:\/\/www.rometouristcards.com\/es\/wp-json\/wp\/v2\/types\/page"}],"author":[{"embeddable":true,"href":"https:\/\/www.rometouristcards.com\/es\/wp-json\/wp\/v2\/users\/1"}],"replies":[{"embeddable":true,"href":"https:\/\/www.rometouristcards.com\/es\/wp-json\/wp\/v2\/comments?post=31"}],"version-history":[{"count":27,"href":"https:\/\/www.rometouristcards.com\/es\/wp-json\/wp\/v2\/pages\/31\/revisions"}],"predecessor-version":[{"id":732,"href":"https:\/\/www.rometouristcards.com\/es\/wp-json\/wp\/v2\/pages\/31\/revisions\/732"}],"wp:attachment":[{"href":"https:\/\/www.rometouristcards.com\/es\/wp-json\/wp\/v2\/media?parent=31"}],"curies":[{"name":"wp","href":"https:\/\/api.w.org\/{rel}","templated":true}]}}